{"id":54,"date":"2017-10-15T18:54:55","date_gmt":"2017-10-15T16:54:55","guid":{"rendered":"http:\/\/www.invekostavby.cz\/domains\/invekostavby.cz\/?page_id=54"},"modified":"2020-06-12T08:45:48","modified_gmt":"2020-06-12T06:45:48","slug":"kontakt","status":"publish","type":"page","link":"https:\/\/www.invekostavby.cz\/domains\/invekostavby.cz\/kontakt\/","title":{"rendered":"Kontakt"},"content":{"rendered":"<div class=\"dvt1\"><\/div>\n<div class=\"dvt1\">\n<div class=\"dvr1\">\n<div class=\"dvc1\">\n<div class=\"dvt1\">\n<div class=\"dvr1\">\n<h4 class=\"dvc1\">inveko-stavby s.r.o.<\/h4>\n<\/div>\n<\/div>\n<div class=\"dvt1\">\n<div class=\"dvr1\">\n<div class=\"dvc1\">U Dvojhrad\u00ed 319<\/div>\n<div class=\"dvc1\">Msti\u0161ov, 417 03 Dub\u00ed<\/div>\n<p>I\u010c:\u00a025007114 DI\u010c: CZ25007114<\/p>\n<\/div>\n<\/div>\n<p>E-mail: info@invekostavby.cz<\/p>\n<\/div>\n<\/div>\n<\/div>\n<p>&nbsp;<\/p>\n","protected":false},"excerpt":{"rendered":"<p>inveko-stavby s.r.o. U Dvojhrad\u00ed 319 Msti\u0161ov, 417 03 Dub\u00ed I\u010c:\u00a025007114 DI\u010c: CZ25007114 E-mail: info@invekostavby.cz &nbsp;<\/p>\n","protected":false},"author":1,"featured_media":0,"parent":0,"menu_order":0,"comment_status":"closed","ping_status":"closed","template":"","meta":[],"yoast_head":"<!-- This site is optimized with the Yoast SEO plugin v17.0 - https:\/\/yoast.com\/wordpress\/plugins\/seo\/ -->\n<title>Kontakt - inveko-stavby<\/title>\n<meta name=\"robots\" content=\"index, follow, max-snippet:-1, max-image-preview:large, max-video-preview:-1\" \/>\n<link rel=\"canonical\" href=\"http:\/\/www.invekostavby.cz\/domains\/invekostavby.cz\/kontakt\/\" \/>\n<meta property=\"og:locale\" content=\"cs_CZ\" \/>\n<meta property=\"og:type\" content=\"article\" \/>\n<meta property=\"og:title\" content=\"Kontakt - inveko-stavby\" \/>\n<meta property=\"og:description\" content=\"inveko-stavby s.r.o. U Dvojhrad\u00ed 319 Msti\u0161ov, 417 03 Dub\u00ed I\u010c:\u00a025007114 DI\u010c: CZ25007114 E-mail: info@invekostavby.cz &nbsp;\" \/>\n<meta property=\"og:url\" content=\"http:\/\/www.invekostavby.cz\/domains\/invekostavby.cz\/kontakt\/\" \/>\n<meta property=\"og:site_name\" content=\"inveko-stavby\" \/>\n<meta property=\"article:modified_time\" content=\"2020-06-12T06:45:48+00:00\" \/>\n<meta name=\"twitter:card\" content=\"summary\" \/>\n<script type=\"application\/ld+json\" class=\"yoast-schema-graph\">{\"@context\":\"https:\/\/schema.org\",\"@graph\":[{\"@type\":\"WebSite\",\"@id\":\"http:\/\/www.invekostavby.cz\/domains\/invekostavby.cz\/#website\",\"url\":\"http:\/\/www.invekostavby.cz\/domains\/invekostavby.cz\/\",\"name\":\"inveko-stavby\",\"description\":\"gener\\u00e1ln\\u00ed dodavatel staveb\",\"potentialAction\":[{\"@type\":\"SearchAction\",\"target\":{\"@type\":\"EntryPoint\",\"urlTemplate\":\"http:\/\/www.invekostavby.cz\/domains\/invekostavby.cz\/?s={search_term_string}\"},\"query-input\":\"required name=search_term_string\"}],\"inLanguage\":\"cs\"},{\"@type\":\"WebPage\",\"@id\":\"http:\/\/www.invekostavby.cz\/domains\/invekostavby.cz\/kontakt\/#webpage\",\"url\":\"http:\/\/www.invekostavby.cz\/domains\/invekostavby.cz\/kontakt\/\",\"name\":\"Kontakt - inveko-stavby\",\"isPartOf\":{\"@id\":\"http:\/\/www.invekostavby.cz\/domains\/invekostavby.cz\/#website\"},\"datePublished\":\"2017-10-15T16:54:55+00:00\",\"dateModified\":\"2020-06-12T06:45:48+00:00\",\"breadcrumb\":{\"@id\":\"http:\/\/www.invekostavby.cz\/domains\/invekostavby.cz\/kontakt\/#breadcrumb\"},\"inLanguage\":\"cs\",\"potentialAction\":[{\"@type\":\"ReadAction\",\"target\":[\"http:\/\/www.invekostavby.cz\/domains\/invekostavby.cz\/kontakt\/\"]}]},{\"@type\":\"BreadcrumbList\",\"@id\":\"http:\/\/www.invekostavby.cz\/domains\/invekostavby.cz\/kontakt\/#breadcrumb\",\"itemListElement\":[{\"@type\":\"ListItem\",\"position\":1,\"name\":\"Dom\\u016f\",\"item\":\"http:\/\/www.invekostavby.cz\/domains\/invekostavby.cz\/\"},{\"@type\":\"ListItem\",\"position\":2,\"name\":\"Kontakt\"}]}]}<\/script>\n<!-- \/ Yoast SEO plugin. -->","yoast_head_json":{"title":"Kontakt - inveko-stavby","robots":{"index":"index","follow":"follow","max-snippet":"max-snippet:-1","max-image-preview":"max-image-preview:large","max-video-preview":"max-video-preview:-1"},"canonical":"http:\/\/www.invekostavby.cz\/domains\/invekostavby.cz\/kontakt\/","og_locale":"cs_CZ","og_type":"article","og_title":"Kontakt - inveko-stavby","og_description":"inveko-stavby s.r.o. U Dvojhrad\u00ed 319 Msti\u0161ov, 417 03 Dub\u00ed I\u010c:\u00a025007114 DI\u010c: CZ25007114 E-mail: info@invekostavby.cz &nbsp;","og_url":"http:\/\/www.invekostavby.cz\/domains\/invekostavby.cz\/kontakt\/","og_site_name":"inveko-stavby","article_modified_time":"2020-06-12T06:45:48+00:00","twitter_card":"summary","schema":{"@context":"https:\/\/schema.org","@graph":[{"@type":"WebSite","@id":"http:\/\/www.invekostavby.cz\/domains\/invekostavby.cz\/#website","url":"http:\/\/www.invekostavby.cz\/domains\/invekostavby.cz\/","name":"inveko-stavby","description":"gener\u00e1ln\u00ed dodavatel staveb","potentialAction":[{"@type":"SearchAction","target":{"@type":"EntryPoint","urlTemplate":"http:\/\/www.invekostavby.cz\/domains\/invekostavby.cz\/?s={search_term_string}"},"query-input":"required name=search_term_string"}],"inLanguage":"cs"},{"@type":"WebPage","@id":"http:\/\/www.invekostavby.cz\/domains\/invekostavby.cz\/kontakt\/#webpage","url":"http:\/\/www.invekostavby.cz\/domains\/invekostavby.cz\/kontakt\/","name":"Kontakt - inveko-stavby","isPartOf":{"@id":"http:\/\/www.invekostavby.cz\/domains\/invekostavby.cz\/#website"},"datePublished":"2017-10-15T16:54:55+00:00","dateModified":"2020-06-12T06:45:48+00:00","breadcrumb":{"@id":"http:\/\/www.invekostavby.cz\/domains\/invekostavby.cz\/kontakt\/#breadcrumb"},"inLanguage":"cs","potentialAction":[{"@type":"ReadAction","target":["http:\/\/www.invekostavby.cz\/domains\/invekostavby.cz\/kontakt\/"]}]},{"@type":"BreadcrumbList","@id":"http:\/\/www.invekostavby.cz\/domains\/invekostavby.cz\/kontakt\/#breadcrumb","itemListElement":[{"@type":"ListItem","position":1,"name":"Dom\u016f","item":"http:\/\/www.invekostavby.cz\/domains\/invekostavby.cz\/"},{"@type":"ListItem","position":2,"name":"Kontakt"}]}]}},"_links":{"self":[{"href":"https:\/\/www.invekostavby.cz\/domains\/invekostavby.cz\/wp-json\/wp\/v2\/pages\/54"}],"collection":[{"href":"https:\/\/www.invekostavby.cz\/domains\/invekostavby.cz\/wp-json\/wp\/v2\/pages"}],"about":[{"href":"https:\/\/www.invekostavby.cz\/domains\/invekostavby.cz\/wp-json\/wp\/v2\/types\/page"}],"author":[{"embeddable":true,"href":"https:\/\/www.invekostavby.cz\/domains\/invekostavby.cz\/wp-json\/wp\/v2\/users\/1"}],"replies":[{"embeddable":true,"href":"https:\/\/www.invekostavby.cz\/domains\/invekostavby.cz\/wp-json\/wp\/v2\/comments?post=54"}],"version-history":[{"count":12,"href":"https:\/\/www.invekostavby.cz\/domains\/invekostavby.cz\/wp-json\/wp\/v2\/pages\/54\/revisions"}],"predecessor-version":[{"id":230,"href":"https:\/\/www.invekostavby.cz\/domains\/invekostavby.cz\/wp-json\/wp\/v2\/pages\/54\/revisions\/230"}],"wp:attachment":[{"href":"https:\/\/www.invekostavby.cz\/domains\/invekostavby.cz\/wp-json\/wp\/v2\/media?parent=54"}],"curies":[{"name":"wp","href":"https:\/\/api.w.org\/{rel}","templated":true}]}}