{"id":237,"date":"2020-06-12T09:02:45","date_gmt":"2020-06-12T07:02:45","guid":{"rendered":"http:\/\/www.invekostavby.cz\/domains\/invekostavby.cz\/?page_id=237"},"modified":"2020-06-12T11:09:08","modified_gmt":"2020-06-12T09:09:08","slug":"sklenene-konstrukce","status":"publish","type":"page","link":"https:\/\/www.invekostavby.cz\/domains\/invekostavby.cz\/sklenene-konstrukce\/","title":{"rendered":"Sklen\u011bn\u00e9 konstrukce"},"content":{"rendered":"<p>Dod\u00e1me v\u00e1m sklen\u011bn\u00e9:<\/p>\n<p><img loading=\"lazy\" class=\"alignnone size-medium wp-image-288\" src=\"http:\/\/www.invekostavby.cz\/domains\/invekostavby.cz\/wp-content\/uploads\/2020\/06\/PHOTO-2020-02-21-08-01-51-225x300.jpg\" alt=\"\" width=\"225\" height=\"300\" srcset=\"https:\/\/www.invekostavby.cz\/domains\/invekostavby.cz\/wp-content\/uploads\/2020\/06\/PHOTO-2020-02-21-08-01-51-225x300.jpg 225w, https:\/\/www.invekostavby.cz\/domains\/invekostavby.cz\/wp-content\/uploads\/2020\/06\/PHOTO-2020-02-21-08-01-51.jpg 768w\" sizes=\"(max-width: 225px) 100vw, 225px\" \/><\/p>\n<ul>\n<li>interi\u00e9rov\u00e9 z\u00e1bradl\u00ed<\/li>\n<li>schody<\/li>\n<li>poch\u016fzn\u00e9 konstrukce<\/li>\n<li>fas\u00e1dy<\/li>\n<li>mark\u00fdzy a st\u0159echy<\/li>\n<li>obklady<\/li>\n<li>p\u0159\u00ed\u010dky<\/li>\n<li>nosn\u00edky<\/li>\n<li>luxusn\u00ed sklen\u011bn\u00e9 prvky<\/li>\n<li>koupelnov\u00e9 z\u00e1st\u011bny<\/li>\n<\/ul>\n<p><img loading=\"lazy\" class=\"alignnone size-medium wp-image-274\" src=\"http:\/\/www.invekostavby.cz\/domains\/invekostavby.cz\/wp-content\/uploads\/2020\/06\/PHOTO-2020-02-20-22-41-17-9-225x300.jpg\" alt=\"\" width=\"225\" height=\"300\" srcset=\"https:\/\/www.invekostavby.cz\/domains\/invekostavby.cz\/wp-content\/uploads\/2020\/06\/PHOTO-2020-02-20-22-41-17-9-225x300.jpg 225w, https:\/\/www.invekostavby.cz\/domains\/invekostavby.cz\/wp-content\/uploads\/2020\/06\/PHOTO-2020-02-20-22-41-17-9.jpg 768w\" sizes=\"(max-width: 225px) 100vw, 225px\" \/><\/p>\n","protected":false},"excerpt":{"rendered":"<p>Dod\u00e1me v\u00e1m sklen\u011bn\u00e9: interi\u00e9rov\u00e9 z\u00e1bradl\u00ed schody poch\u016fzn\u00e9 konstrukce fas\u00e1dy mark\u00fdzy a st\u0159echy obklady p\u0159\u00ed\u010dky nosn\u00edky luxusn\u00ed sklen\u011bn\u00e9 prvky koupelnov\u00e9 z\u00e1st\u011bny<\/p>\n","protected":false},"author":2,"featured_media":0,"parent":0,"menu_order":0,"comment_status":"closed","ping_status":"closed","template":"","meta":[],"yoast_head":"<!-- This site is optimized with the Yoast SEO plugin v17.0 - https:\/\/yoast.com\/wordpress\/plugins\/seo\/ -->\n<title>Sklen\u011bn\u00e9 konstrukce - inveko-stavby<\/title>\n<meta name=\"robots\" content=\"index, follow, max-snippet:-1, max-image-preview:large, max-video-preview:-1\" \/>\n<link rel=\"canonical\" href=\"https:\/\/www.invekostavby.cz\/domains\/invekostavby.cz\/sklenene-konstrukce\/\" \/>\n<meta property=\"og:locale\" content=\"cs_CZ\" \/>\n<meta property=\"og:type\" content=\"article\" \/>\n<meta property=\"og:title\" content=\"Sklen\u011bn\u00e9 konstrukce - inveko-stavby\" \/>\n<meta property=\"og:description\" content=\"Dod\u00e1me v\u00e1m sklen\u011bn\u00e9: interi\u00e9rov\u00e9 z\u00e1bradl\u00ed schody poch\u016fzn\u00e9 konstrukce fas\u00e1dy mark\u00fdzy a st\u0159echy obklady p\u0159\u00ed\u010dky nosn\u00edky luxusn\u00ed sklen\u011bn\u00e9 prvky koupelnov\u00e9 z\u00e1st\u011bny\" \/>\n<meta property=\"og:url\" content=\"https:\/\/www.invekostavby.cz\/domains\/invekostavby.cz\/sklenene-konstrukce\/\" \/>\n<meta property=\"og:site_name\" content=\"inveko-stavby\" \/>\n<meta property=\"article:modified_time\" content=\"2020-06-12T09:09:08+00:00\" \/>\n<meta property=\"og:image\" content=\"http:\/\/www.invekostavby.cz\/domains\/invekostavby.cz\/wp-content\/uploads\/2020\/06\/PHOTO-2020-02-21-08-01-51-225x300.jpg\" \/>\n<meta name=\"twitter:card\" content=\"summary\" \/>\n<script type=\"application\/ld+json\" class=\"yoast-schema-graph\">{\"@context\":\"https:\/\/schema.org\",\"@graph\":[{\"@type\":\"WebSite\",\"@id\":\"http:\/\/www.invekostavby.cz\/domains\/invekostavby.cz\/#website\",\"url\":\"http:\/\/www.invekostavby.cz\/domains\/invekostavby.cz\/\",\"name\":\"inveko-stavby\",\"description\":\"gener\\u00e1ln\\u00ed dodavatel staveb\",\"potentialAction\":[{\"@type\":\"SearchAction\",\"target\":{\"@type\":\"EntryPoint\",\"urlTemplate\":\"http:\/\/www.invekostavby.cz\/domains\/invekostavby.cz\/?s={search_term_string}\"},\"query-input\":\"required name=search_term_string\"}],\"inLanguage\":\"cs\"},{\"@type\":\"ImageObject\",\"@id\":\"https:\/\/www.invekostavby.cz\/domains\/invekostavby.cz\/sklenene-konstrukce\/#primaryimage\",\"inLanguage\":\"cs\",\"url\":\"http:\/\/www.invekostavby.cz\/domains\/invekostavby.cz\/wp-content\/uploads\/2020\/06\/PHOTO-2020-02-21-08-01-51-225x300.jpg\",\"contentUrl\":\"http:\/\/www.invekostavby.cz\/domains\/invekostavby.cz\/wp-content\/uploads\/2020\/06\/PHOTO-2020-02-21-08-01-51-225x300.jpg\"},{\"@type\":\"WebPage\",\"@id\":\"https:\/\/www.invekostavby.cz\/domains\/invekostavby.cz\/sklenene-konstrukce\/#webpage\",\"url\":\"https:\/\/www.invekostavby.cz\/domains\/invekostavby.cz\/sklenene-konstrukce\/\",\"name\":\"Sklen\\u011bn\\u00e9 konstrukce - inveko-stavby\",\"isPartOf\":{\"@id\":\"http:\/\/www.invekostavby.cz\/domains\/invekostavby.cz\/#website\"},\"primaryImageOfPage\":{\"@id\":\"https:\/\/www.invekostavby.cz\/domains\/invekostavby.cz\/sklenene-konstrukce\/#primaryimage\"},\"datePublished\":\"2020-06-12T07:02:45+00:00\",\"dateModified\":\"2020-06-12T09:09:08+00:00\",\"breadcrumb\":{\"@id\":\"https:\/\/www.invekostavby.cz\/domains\/invekostavby.cz\/sklenene-konstrukce\/#breadcrumb\"},\"inLanguage\":\"cs\",\"potentialAction\":[{\"@type\":\"ReadAction\",\"target\":[\"https:\/\/www.invekostavby.cz\/domains\/invekostavby.cz\/sklenene-konstrukce\/\"]}]},{\"@type\":\"BreadcrumbList\",\"@id\":\"https:\/\/www.invekostavby.cz\/domains\/invekostavby.cz\/sklenene-konstrukce\/#breadcrumb\",\"itemListElement\":[{\"@type\":\"ListItem\",\"position\":1,\"name\":\"Dom\\u016f\",\"item\":\"http:\/\/www.invekostavby.cz\/domains\/invekostavby.cz\/\"},{\"@type\":\"ListItem\",\"position\":2,\"name\":\"Sklen\\u011bn\\u00e9 konstrukce\"}]}]}<\/script>\n<!-- \/ Yoast SEO plugin. -->","yoast_head_json":{"title":"Sklen\u011bn\u00e9 konstrukce - inveko-stavby","robots":{"index":"index","follow":"follow","max-snippet":"max-snippet:-1","max-image-preview":"max-image-preview:large","max-video-preview":"max-video-preview:-1"},"canonical":"https:\/\/www.invekostavby.cz\/domains\/invekostavby.cz\/sklenene-konstrukce\/","og_locale":"cs_CZ","og_type":"article","og_title":"Sklen\u011bn\u00e9 konstrukce - inveko-stavby","og_description":"Dod\u00e1me v\u00e1m sklen\u011bn\u00e9: interi\u00e9rov\u00e9 z\u00e1bradl\u00ed schody poch\u016fzn\u00e9 konstrukce fas\u00e1dy mark\u00fdzy a st\u0159echy obklady p\u0159\u00ed\u010dky nosn\u00edky luxusn\u00ed sklen\u011bn\u00e9 prvky koupelnov\u00e9 z\u00e1st\u011bny","og_url":"https:\/\/www.invekostavby.cz\/domains\/invekostavby.cz\/sklenene-konstrukce\/","og_site_name":"inveko-stavby","article_modified_time":"2020-06-12T09:09:08+00:00","og_image":[{"url":"http:\/\/www.invekostavby.cz\/domains\/invekostavby.cz\/wp-content\/uploads\/2020\/06\/PHOTO-2020-02-21-08-01-51-225x300.jpg"}],"twitter_card":"summary","schema":{"@context":"https:\/\/schema.org","@graph":[{"@type":"WebSite","@id":"http:\/\/www.invekostavby.cz\/domains\/invekostavby.cz\/#website","url":"http:\/\/www.invekostavby.cz\/domains\/invekostavby.cz\/","name":"inveko-stavby","description":"gener\u00e1ln\u00ed dodavatel staveb","potentialAction":[{"@type":"SearchAction","target":{"@type":"EntryPoint","urlTemplate":"http:\/\/www.invekostavby.cz\/domains\/invekostavby.cz\/?s={search_term_string}"},"query-input":"required name=search_term_string"}],"inLanguage":"cs"},{"@type":"ImageObject","@id":"https:\/\/www.invekostavby.cz\/domains\/invekostavby.cz\/sklenene-konstrukce\/#primaryimage","inLanguage":"cs","url":"http:\/\/www.invekostavby.cz\/domains\/invekostavby.cz\/wp-content\/uploads\/2020\/06\/PHOTO-2020-02-21-08-01-51-225x300.jpg","contentUrl":"http:\/\/www.invekostavby.cz\/domains\/invekostavby.cz\/wp-content\/uploads\/2020\/06\/PHOTO-2020-02-21-08-01-51-225x300.jpg"},{"@type":"WebPage","@id":"https:\/\/www.invekostavby.cz\/domains\/invekostavby.cz\/sklenene-konstrukce\/#webpage","url":"https:\/\/www.invekostavby.cz\/domains\/invekostavby.cz\/sklenene-konstrukce\/","name":"Sklen\u011bn\u00e9 konstrukce - inveko-stavby","isPartOf":{"@id":"http:\/\/www.invekostavby.cz\/domains\/invekostavby.cz\/#website"},"primaryImageOfPage":{"@id":"https:\/\/www.invekostavby.cz\/domains\/invekostavby.cz\/sklenene-konstrukce\/#primaryimage"},"datePublished":"2020-06-12T07:02:45+00:00","dateModified":"2020-06-12T09:09:08+00:00","breadcrumb":{"@id":"https:\/\/www.invekostavby.cz\/domains\/invekostavby.cz\/sklenene-konstrukce\/#breadcrumb"},"inLanguage":"cs","potentialAction":[{"@type":"ReadAction","target":["https:\/\/www.invekostavby.cz\/domains\/invekostavby.cz\/sklenene-konstrukce\/"]}]},{"@type":"BreadcrumbList","@id":"https:\/\/www.invekostavby.cz\/domains\/invekostavby.cz\/sklenene-konstrukce\/#breadcrumb","itemListElement":[{"@type":"ListItem","position":1,"name":"Dom\u016f","item":"http:\/\/www.invekostavby.cz\/domains\/invekostavby.cz\/"},{"@type":"ListItem","position":2,"name":"Sklen\u011bn\u00e9 konstrukce"}]}]}},"_links":{"self":[{"href":"https:\/\/www.invekostavby.cz\/domains\/invekostavby.cz\/wp-json\/wp\/v2\/pages\/237"}],"collection":[{"href":"https:\/\/www.invekostavby.cz\/domains\/invekostavby.cz\/wp-json\/wp\/v2\/pages"}],"about":[{"href":"https:\/\/www.invekostavby.cz\/domains\/invekostavby.cz\/wp-json\/wp\/v2\/types\/page"}],"author":[{"embeddable":true,"href":"https:\/\/www.invekostavby.cz\/domains\/invekostavby.cz\/wp-json\/wp\/v2\/users\/2"}],"replies":[{"embeddable":true,"href":"https:\/\/www.invekostavby.cz\/domains\/invekostavby.cz\/wp-json\/wp\/v2\/comments?post=237"}],"version-history":[{"count":3,"href":"https:\/\/www.invekostavby.cz\/domains\/invekostavby.cz\/wp-json\/wp\/v2\/pages\/237\/revisions"}],"predecessor-version":[{"id":298,"href":"https:\/\/www.invekostavby.cz\/domains\/invekostavby.cz\/wp-json\/wp\/v2\/pages\/237\/revisions\/298"}],"wp:attachment":[{"href":"https:\/\/www.invekostavby.cz\/domains\/invekostavby.cz\/wp-json\/wp\/v2\/media?parent=237"}],"curies":[{"name":"wp","href":"https:\/\/api.w.org\/{rel}","templated":true}]}}